{"id":21,"date":"2023-03-18T13:37:25","date_gmt":"2023-03-18T10:37:25","guid":{"rendered":"https:\/\/bydufri.com.tr\/?page_id=21"},"modified":"2026-03-07T01:07:01","modified_gmt":"2026-03-06T22:07:01","slug":"ana-sayfa","status":"publish","type":"page","link":"https:\/\/bydufri.com.tr\/","title":{"rendered":"Ana sayfa"},"content":{"rendered":"\t\t<div data-elementor-type=\"wp-page\" data-elementor-id=\"21\" class=\"elementor elementor-21\">\n\t\t\t\t\t\t<section class=\"elementor-section elementor-top-section elementor-element elementor-element-f8cf523 elementor-section-stretched elementor-section-boxed elementor-section-height-default elementor-section-height-default\" data-id=\"f8cf523\" data-element_type=\"section\" data-e-type=\"section\" data-settings=\"{&quot;stretch_section&quot;:&quot;section-stretched&quot;,&quot;background_background&quot;:&quot;classic&quot;}\">\n\t\t\t\t\t\t<div class=\"elementor-container elementor-column-gap-default\">\n\t\t\t\t\t<div class=\"elementor-column elementor-col-100 elementor-top-column elementor-element elementor-element-387e5e9\" data-id=\"387e5e9\" data-element_type=\"column\" data-e-type=\"column\">\n\t\t\t<div class=\"elementor-widget-wrap elementor-element-populated\">\n\t\t\t\t\t\t<div class=\"elementor-element elementor-element-75e7d19 elementor-arrows-position-inside elementor-widget elementor-widget-image-carousel\" data-id=\"75e7d19\" data-element_type=\"widget\" data-e-type=\"widget\" data-settings=\"{&quot;slides_to_show&quot;:&quot;1&quot;,&quot;navigation&quot;:&quot;arrows&quot;,&quot;autoplay&quot;:&quot;yes&quot;,&quot;pause_on_hover&quot;:&quot;yes&quot;,&quot;pause_on_interaction&quot;:&quot;yes&quot;,&quot;autoplay_speed&quot;:5000,&quot;infinite&quot;:&quot;yes&quot;,&quot;effect&quot;:&quot;slide&quot;,&quot;speed&quot;:500}\" data-widget_type=\"image-carousel.default\">\n\t\t\t\t<div class=\"elementor-widget-container\">\n\t\t\t\t\t\t\t<div class=\"elementor-image-carousel-wrapper swiper\" role=\"region\" aria-roledescription=\"carousel\" aria-label=\"Resim D\u00f6ng\u00fcs\u00fc\" dir=\"ltr\">\n\t\t\t<div class=\"elementor-image-carousel swiper-wrapper\" aria-live=\"off\">\n\t\t\t\t\t\t\t\t<div class=\"swiper-slide\" role=\"group\" aria-roledescription=\"slide\" aria-label=\"1 \/ 4\"><figure class=\"swiper-slide-inner\"><img decoding=\"async\" class=\"swiper-slide-image\" src=\"https:\/\/bydufri.com.tr\/wp-content\/uploads\/elementor\/thumbs\/bydufri-slider-1-qd2p3se8wmxepr5jtho5gmgk7ppupv169fvvnhz0hc.jpg\" alt=\"bydufri-slider-1\" \/><\/figure><\/div><div class=\"swiper-slide\" role=\"group\" aria-roledescription=\"slide\" aria-label=\"2 \/ 4\"><figure class=\"swiper-slide-inner\"><img decoding=\"async\" class=\"swiper-slide-image\" src=\"https:\/\/bydufri.com.tr\/wp-content\/uploads\/elementor\/thumbs\/bydufri-slider-2-qd2p3se8wmxepr5jtho5gmgk7ppupv169fvvnhz0hc.jpg\" alt=\"bydufri-slider-2\" \/><\/figure><\/div><div class=\"swiper-slide\" role=\"group\" aria-roledescription=\"slide\" aria-label=\"3 \/ 4\"><figure class=\"swiper-slide-inner\"><img decoding=\"async\" class=\"swiper-slide-image\" src=\"https:\/\/bydufri.com.tr\/wp-content\/uploads\/elementor\/thumbs\/bydufri-slider-3-qd2p3se8wmxepr5jtho5gmgk7ppupv169fvvnhz0hc.jpg\" alt=\"bydufri-slider-3\" \/><\/figure><\/div><div class=\"swiper-slide\" role=\"group\" aria-roledescription=\"slide\" aria-label=\"4 \/ 4\"><figure class=\"swiper-slide-inner\"><img decoding=\"async\" class=\"swiper-slide-image\" src=\"https:\/\/bydufri.com.tr\/wp-content\/uploads\/elementor\/thumbs\/bydufri-slider-4-qd2p3se8wmxepr5jtho5gmgk7ppupv169fvvnhz0hc.jpg\" alt=\"bydufri-slider-4\" \/><\/figure><\/div>\t\t\t<\/div>\n\t\t\t\t\t\t\t\t\t\t\t\t<div class=\"elementor-swiper-button elementor-swiper-button-prev\" role=\"button\" tabindex=\"0\">\n\t\t\t\t\t\t<i aria-hidden=\"true\" class=\"eicon-chevron-left\"><\/i>\t\t\t\t\t<\/div>\n\t\t\t\t\t<div class=\"elementor-swiper-button elementor-swiper-button-next\" role=\"button\" tabindex=\"0\">\n\t\t\t\t\t\t<i aria-hidden=\"true\" class=\"eicon-chevron-right\"><\/i>\t\t\t\t\t<\/div>\n\t\t\t\t\n\t\t\t\t\t\t\t\t\t<\/div>\n\t\t\t\t\t\t<\/div>\n\t\t\t\t<\/div>\n\t\t\t\t\t<\/div>\n\t\t<\/div>\n\t\t\t\t\t<\/div>\n\t\t<\/section>\n\t\t\t\t<section class=\"elementor-section elementor-top-section elementor-element elementor-element-b43a123 elementor-section-boxed elementor-section-height-default elementor-section-height-default\" data-id=\"b43a123\" data-element_type=\"section\" data-e-type=\"section\">\n\t\t\t\t\t\t<div class=\"elementor-container elementor-column-gap-default\">\n\t\t\t\t\t<div class=\"elementor-column elementor-col-100 elementor-top-column elementor-element elementor-element-66210ff\" data-id=\"66210ff\" data-element_type=\"column\" data-e-type=\"column\">\n\t\t\t<div class=\"elementor-widget-wrap\">\n\t\t\t\t\t\t\t<\/div>\n\t\t<\/div>\n\t\t\t\t\t<\/div>\n\t\t<\/section>\n\t\t\t\t<section class=\"elementor-section elementor-top-section elementor-element elementor-element-caeb0f6 elementor-section-stretched elementor-section-boxed elementor-section-height-default elementor-section-height-default\" data-id=\"caeb0f6\" data-element_type=\"section\" data-e-type=\"section\" data-settings=\"{&quot;stretch_section&quot;:&quot;section-stretched&quot;,&quot;background_background&quot;:&quot;classic&quot;}\">\n\t\t\t\t\t\t<div class=\"elementor-container elementor-column-gap-default\">\n\t\t\t\t\t<div class=\"elementor-column elementor-col-100 elementor-top-column elementor-element elementor-element-d48705b\" data-id=\"d48705b\" data-element_type=\"column\" data-e-type=\"column\">\n\t\t\t<div class=\"elementor-widget-wrap elementor-element-populated\">\n\t\t\t\t\t\t<div class=\"elementor-element elementor-element-34a7fd3 elementor-invisible elementor-widget elementor-widget-image\" data-id=\"34a7fd3\" data-element_type=\"widget\" data-e-type=\"widget\" data-settings=\"{&quot;_animation&quot;:&quot;fadeInUp&quot;}\" data-widget_type=\"image.default\">\n\t\t\t\t<div class=\"elementor-widget-container\">\n\t\t\t\t\t\t\t\t\t\t\t\t\t\t\t<img decoding=\"async\" width=\"286\" height=\"98\" src=\"https:\/\/bydufri.com.tr\/wp-content\/uploads\/2023\/03\/yeni-sezon1.png\" class=\"attachment-large size-large wp-image-238\" alt=\"\" \/>\t\t\t\t\t\t\t\t\t\t\t\t\t\t\t<\/div>\n\t\t\t\t<\/div>\n\t\t\t\t\t<\/div>\n\t\t<\/div>\n\t\t\t\t\t<\/div>\n\t\t<\/section>\n\t\t\t\t<section class=\"elementor-section elementor-top-section elementor-element elementor-element-bb06a64 elementor-section-stretched elementor-section-boxed elementor-section-height-default elementor-section-height-default\" data-id=\"bb06a64\" data-element_type=\"section\" data-e-type=\"section\" data-settings=\"{&quot;stretch_section&quot;:&quot;section-stretched&quot;,&quot;background_background&quot;:&quot;classic&quot;}\">\n\t\t\t\t\t\t<div class=\"elementor-container elementor-column-gap-default\">\n\t\t\t\t\t<div class=\"elementor-column elementor-col-100 elementor-top-column elementor-element elementor-element-37b1c9d\" data-id=\"37b1c9d\" data-element_type=\"column\" data-e-type=\"column\">\n\t\t\t<div class=\"elementor-widget-wrap elementor-element-populated\">\n\t\t\t\t\t\t<div class=\"elementor-element elementor-element-df2e1bc elementor-arrows-position-inside elementor-widget elementor-widget-image-carousel\" data-id=\"df2e1bc\" data-element_type=\"widget\" data-e-type=\"widget\" data-settings=\"{&quot;slides_to_show&quot;:&quot;4&quot;,&quot;navigation&quot;:&quot;arrows&quot;,&quot;image_spacing_custom&quot;:{&quot;unit&quot;:&quot;px&quot;,&quot;size&quot;:10,&quot;sizes&quot;:[]},&quot;autoplay&quot;:&quot;yes&quot;,&quot;pause_on_hover&quot;:&quot;yes&quot;,&quot;pause_on_interaction&quot;:&quot;yes&quot;,&quot;autoplay_speed&quot;:5000,&quot;infinite&quot;:&quot;yes&quot;,&quot;speed&quot;:500,&quot;image_spacing_custom_tablet&quot;:{&quot;unit&quot;:&quot;px&quot;,&quot;size&quot;:&quot;&quot;,&quot;sizes&quot;:[]},&quot;image_spacing_custom_mobile&quot;:{&quot;unit&quot;:&quot;px&quot;,&quot;size&quot;:&quot;&quot;,&quot;sizes&quot;:[]}}\" data-widget_type=\"image-carousel.default\">\n\t\t\t\t<div class=\"elementor-widget-container\">\n\t\t\t\t\t\t\t<div class=\"elementor-image-carousel-wrapper swiper\" role=\"region\" aria-roledescription=\"carousel\" aria-label=\"Resim D\u00f6ng\u00fcs\u00fc\" dir=\"ltr\">\n\t\t\t<div class=\"elementor-image-carousel swiper-wrapper\" aria-live=\"off\">\n\t\t\t\t\t\t\t\t<div class=\"swiper-slide\" role=\"group\" aria-roledescription=\"slide\" aria-label=\"1 \/ 14\"><figure class=\"swiper-slide-inner\"><img decoding=\"async\" class=\"swiper-slide-image\" src=\"https:\/\/bydufri.com.tr\/wp-content\/uploads\/elementor\/thumbs\/LU14389-qd2p3rfw77gaqp96ea8kccj3w5ju9atxrn71yz9u50.jpg\" alt=\"_LU14389\" \/><\/figure><\/div><div class=\"swiper-slide\" role=\"group\" aria-roledescription=\"slide\" aria-label=\"2 \/ 14\"><figure class=\"swiper-slide-inner\"><img decoding=\"async\" class=\"swiper-slide-image\" src=\"https:\/\/bydufri.com.tr\/wp-content\/uploads\/elementor\/thumbs\/LU14390-qd2p3rfw77gaqp96ea8kccj3w5ju9atxrn71yz9u50.jpg\" alt=\"_LU14390\" \/><\/figure><\/div><div class=\"swiper-slide\" role=\"group\" aria-roledescription=\"slide\" aria-label=\"3 \/ 14\"><figure class=\"swiper-slide-inner\"><img decoding=\"async\" class=\"swiper-slide-image\" src=\"https:\/\/bydufri.com.tr\/wp-content\/uploads\/elementor\/thumbs\/LU14391-qd2p3rfw77gaqp96ea8kccj3w5ju9atxrn71yz9u50.jpg\" alt=\"_LU14391\" \/><\/figure><\/div><div class=\"swiper-slide\" role=\"group\" aria-roledescription=\"slide\" aria-label=\"4 \/ 14\"><figure class=\"swiper-slide-inner\"><img decoding=\"async\" class=\"swiper-slide-image\" src=\"https:\/\/bydufri.com.tr\/wp-content\/uploads\/elementor\/thumbs\/LU14392-qd2p3rfw77gaqp96ea8kccj3w5ju9atxrn71yz9u50.jpg\" alt=\"_LU14392\" \/><\/figure><\/div><div class=\"swiper-slide\" role=\"group\" aria-roledescription=\"slide\" aria-label=\"5 \/ 14\"><figure class=\"swiper-slide-inner\"><img decoding=\"async\" class=\"swiper-slide-image\" src=\"https:\/\/bydufri.com.tr\/wp-content\/uploads\/elementor\/thumbs\/LU14393-qd2p3rfw77gaqp96ea8kccj3w5ju9atxrn71yz9u50.jpg\" alt=\"_LU14393\" \/><\/figure><\/div><div class=\"swiper-slide\" role=\"group\" aria-roledescription=\"slide\" aria-label=\"6 \/ 14\"><figure class=\"swiper-slide-inner\"><img decoding=\"async\" class=\"swiper-slide-image\" src=\"https:\/\/bydufri.com.tr\/wp-content\/uploads\/elementor\/thumbs\/LU14394-qd2p3rfw77gaqp96ea8kccj3w5ju9atxrn71yz9u50.jpg\" alt=\"_LU14394\" \/><\/figure><\/div><div class=\"swiper-slide\" role=\"group\" aria-roledescription=\"slide\" aria-label=\"7 \/ 14\"><figure class=\"swiper-slide-inner\"><img decoding=\"async\" class=\"swiper-slide-image\" src=\"https:\/\/bydufri.com.tr\/wp-content\/uploads\/elementor\/thumbs\/LU14395-qd2p3rfw77gaqp96ea8kccj3w5ju9atxrn71yz9u50.jpg\" alt=\"_LU14395\" \/><\/figure><\/div><div class=\"swiper-slide\" role=\"group\" aria-roledescription=\"slide\" aria-label=\"8 \/ 14\"><figure class=\"swiper-slide-inner\"><img decoding=\"async\" class=\"swiper-slide-image\" src=\"https:\/\/bydufri.com.tr\/wp-content\/uploads\/elementor\/thumbs\/LU14396-qd2p3rfw77gaqp96ea8kccj3w5ju9atxrn71yz9u50.jpg\" alt=\"_LU14396\" \/><\/figure><\/div><div class=\"swiper-slide\" role=\"group\" aria-roledescription=\"slide\" aria-label=\"9 \/ 14\"><figure class=\"swiper-slide-inner\"><img decoding=\"async\" class=\"swiper-slide-image\" src=\"https:\/\/bydufri.com.tr\/wp-content\/uploads\/elementor\/thumbs\/LU14614-qd2p3sdqe1hl2b7t8sn6wuakhjf7gzxo3rujg98fys.jpg\" alt=\"_LU14614\" \/><\/figure><\/div><div class=\"swiper-slide\" role=\"group\" aria-roledescription=\"slide\" aria-label=\"10 \/ 14\"><figure class=\"swiper-slide-inner\"><img decoding=\"async\" class=\"swiper-slide-image\" src=\"https:\/\/bydufri.com.tr\/wp-content\/uploads\/elementor\/thumbs\/LU14615-qd2p3sdqe1hl2b7t8sn6wuakhjf7gzxo3rujg98fys.jpg\" alt=\"_LU14615\" \/><\/figure><\/div><div class=\"swiper-slide\" role=\"group\" aria-roledescription=\"slide\" aria-label=\"11 \/ 14\"><figure class=\"swiper-slide-inner\"><img decoding=\"async\" class=\"swiper-slide-image\" src=\"https:\/\/bydufri.com.tr\/wp-content\/uploads\/elementor\/thumbs\/LU14616-qd2p3sdqe1hl2b7t8sn6wuakhjf7gzxo3rujg98fys.jpg\" alt=\"_LU14616\" \/><\/figure><\/div><div class=\"swiper-slide\" role=\"group\" aria-roledescription=\"slide\" aria-label=\"12 \/ 14\"><figure class=\"swiper-slide-inner\"><img decoding=\"async\" class=\"swiper-slide-image\" src=\"https:\/\/bydufri.com.tr\/wp-content\/uploads\/elementor\/thumbs\/LU14617-qd2p3sdqe1hl2b7t8sn6wuakhjf7gzxo3rujg98fys.jpg\" alt=\"_LU14617\" \/><\/figure><\/div><div class=\"swiper-slide\" role=\"group\" aria-roledescription=\"slide\" aria-label=\"13 \/ 14\"><figure class=\"swiper-slide-inner\"><img decoding=\"async\" class=\"swiper-slide-image\" src=\"https:\/\/bydufri.com.tr\/wp-content\/uploads\/elementor\/thumbs\/LU14618-qd2p3sdqe1hl2b7t8sn6wuakhjf7gzxo3rujg98fys.jpg\" alt=\"_LU14618\" \/><\/figure><\/div><div class=\"swiper-slide\" role=\"group\" aria-roledescription=\"slide\" aria-label=\"14 \/ 14\"><figure class=\"swiper-slide-inner\"><img decoding=\"async\" class=\"swiper-slide-image\" src=\"https:\/\/bydufri.com.tr\/wp-content\/uploads\/elementor\/thumbs\/LU14619-qd2p3sdqe1hl2b7t8sn6wuakhjf7gzxo3rujg98fys.jpg\" alt=\"_LU14619\" \/><\/figure><\/div>\t\t\t<\/div>\n\t\t\t\t\t\t\t\t\t\t\t\t<div class=\"elementor-swiper-button elementor-swiper-button-prev\" role=\"button\" tabindex=\"0\">\n\t\t\t\t\t\t<i aria-hidden=\"true\" class=\"eicon-chevron-left\"><\/i>\t\t\t\t\t<\/div>\n\t\t\t\t\t<div class=\"elementor-swiper-button elementor-swiper-button-next\" role=\"button\" tabindex=\"0\">\n\t\t\t\t\t\t<i aria-hidden=\"true\" class=\"eicon-chevron-right\"><\/i>\t\t\t\t\t<\/div>\n\t\t\t\t\n\t\t\t\t\t\t\t\t\t<\/div>\n\t\t\t\t\t\t<\/div>\n\t\t\t\t<\/div>\n\t\t\t\t\t<\/div>\n\t\t<\/div>\n\t\t\t\t\t<\/div>\n\t\t<\/section>\n\t\t\t\t<section class=\"elementor-section elementor-top-section elementor-element elementor-element-1134963 elementor-section-boxed elementor-section-height-default elementor-section-height-default\" data-id=\"1134963\" data-element_type=\"section\" data-e-type=\"section\">\n\t\t\t\t\t\t<div class=\"elementor-container elementor-column-gap-default\">\n\t\t\t\t\t<div class=\"elementor-column elementor-col-100 elementor-top-column elementor-element elementor-element-c839834\" data-id=\"c839834\" data-element_type=\"column\" data-e-type=\"column\">\n\t\t\t<div class=\"elementor-widget-wrap\">\n\t\t\t\t\t\t\t<\/div>\n\t\t<\/div>\n\t\t\t\t\t<\/div>\n\t\t<\/section>\n\t\t\t\t<section class=\"elementor-section elementor-top-section elementor-element elementor-element-2538d5f elementor-section-stretched elementor-section-boxed elementor-section-height-default elementor-section-height-default\" data-id=\"2538d5f\" data-element_type=\"section\" data-e-type=\"section\" data-settings=\"{&quot;stretch_section&quot;:&quot;section-stretched&quot;,&quot;background_background&quot;:&quot;classic&quot;}\">\n\t\t\t\t\t\t<div class=\"elementor-container elementor-column-gap-default\">\n\t\t\t\t\t<div class=\"elementor-column elementor-col-33 elementor-top-column elementor-element elementor-element-9a9b20a\" data-id=\"9a9b20a\" data-element_type=\"column\" data-e-type=\"column\">\n\t\t\t<div class=\"elementor-widget-wrap elementor-element-populated\">\n\t\t\t\t\t\t<div class=\"elementor-element elementor-element-4ab20ed elementor-align-justify elementor-widget elementor-widget-button\" data-id=\"4ab20ed\" data-element_type=\"widget\" data-e-type=\"widget\" data-widget_type=\"button.default\">\n\t\t\t\t<div class=\"elementor-widget-container\">\n\t\t\t\t\t\t\t\t\t<div class=\"elementor-button-wrapper\">\n\t\t\t\t\t<a class=\"elementor-button elementor-button-link elementor-size-sm elementor-animation-grow\" href=\"https:\/\/bydufri.com.tr\/index.php\/showroom-1\/\">\n\t\t\t\t\t\t<span class=\"elementor-button-content-wrapper\">\n\t\t\t\t\t\t\t\t\t<span class=\"elementor-button-text\">SHOWROOM 1<\/span>\n\t\t\t\t\t<\/span>\n\t\t\t\t\t<\/a>\n\t\t\t\t<\/div>\n\t\t\t\t\t\t\t\t<\/div>\n\t\t\t\t<\/div>\n\t\t\t\t<div class=\"elementor-element elementor-element-cb01b59 elementor-widget elementor-widget-image\" data-id=\"cb01b59\" data-element_type=\"widget\" data-e-type=\"widget\" data-widget_type=\"image.default\">\n\t\t\t\t<div class=\"elementor-widget-container\">\n\t\t\t\t\t\t\t\t\t\t\t\t\t\t\t\t<a href=\"https:\/\/bydufri.com.tr\/index.php\/showroom-1\/\">\n\t\t\t\t\t\t\t<img fetchpriority=\"high\" decoding=\"async\" width=\"678\" height=\"1024\" src=\"https:\/\/bydufri.com.tr\/wp-content\/uploads\/2023\/03\/LU14286-678x1024.jpg\" class=\"elementor-animation-grow attachment-large size-large wp-image-58\" alt=\"\" srcset=\"https:\/\/bydufri.com.tr\/wp-content\/uploads\/2023\/03\/LU14286-678x1024.jpg 678w, https:\/\/bydufri.com.tr\/wp-content\/uploads\/2023\/03\/LU14286-600x906.jpg 600w, https:\/\/bydufri.com.tr\/wp-content\/uploads\/2023\/03\/LU14286-199x300.jpg 199w, https:\/\/bydufri.com.tr\/wp-content\/uploads\/2023\/03\/LU14286-768x1160.jpg 768w, https:\/\/bydufri.com.tr\/wp-content\/uploads\/2023\/03\/LU14286-1017x1536.jpg 1017w, https:\/\/bydufri.com.tr\/wp-content\/uploads\/2023\/03\/LU14286.jpg 1200w\" sizes=\"(max-width: 678px) 100vw, 678px\" \/>\t\t\t\t\t\t\t\t<\/a>\n\t\t\t\t\t\t\t\t\t\t\t\t\t\t\t<\/div>\n\t\t\t\t<\/div>\n\t\t\t\t\t<\/div>\n\t\t<\/div>\n\t\t\t\t<div class=\"elementor-column elementor-col-33 elementor-top-column elementor-element elementor-element-3f1ad78\" data-id=\"3f1ad78\" data-element_type=\"column\" data-e-type=\"column\">\n\t\t\t<div class=\"elementor-widget-wrap elementor-element-populated\">\n\t\t\t\t\t\t<div class=\"elementor-element elementor-element-8791649 elementor-align-justify elementor-widget elementor-widget-button\" data-id=\"8791649\" data-element_type=\"widget\" data-e-type=\"widget\" data-widget_type=\"button.default\">\n\t\t\t\t<div class=\"elementor-widget-container\">\n\t\t\t\t\t\t\t\t\t<div class=\"elementor-button-wrapper\">\n\t\t\t\t\t<a class=\"elementor-button elementor-button-link elementor-size-sm elementor-animation-grow\" href=\"https:\/\/bydufri.com.tr\/index.php\/showroom-2\/\">\n\t\t\t\t\t\t<span class=\"elementor-button-content-wrapper\">\n\t\t\t\t\t\t\t\t\t<span class=\"elementor-button-text\">SHOWROOM 2<\/span>\n\t\t\t\t\t<\/span>\n\t\t\t\t\t<\/a>\n\t\t\t\t<\/div>\n\t\t\t\t\t\t\t\t<\/div>\n\t\t\t\t<\/div>\n\t\t\t\t<div class=\"elementor-element elementor-element-bf55a60 elementor-widget elementor-widget-image\" data-id=\"bf55a60\" data-element_type=\"widget\" data-e-type=\"widget\" data-widget_type=\"image.default\">\n\t\t\t\t<div class=\"elementor-widget-container\">\n\t\t\t\t\t\t\t\t\t\t\t\t\t\t\t\t<a href=\"https:\/\/bydufri.com.tr\/index.php\/showroom-2\/\">\n\t\t\t\t\t\t\t<img decoding=\"async\" width=\"1024\" height=\"678\" src=\"https:\/\/bydufri.com.tr\/wp-content\/uploads\/2023\/03\/LU14364-1-1024x678.jpg\" class=\"elementor-animation-grow attachment-large size-large wp-image-228\" alt=\"\" srcset=\"https:\/\/bydufri.com.tr\/wp-content\/uploads\/2023\/03\/LU14364-1-1024x678.jpg 1024w, https:\/\/bydufri.com.tr\/wp-content\/uploads\/2023\/03\/LU14364-1-300x199.jpg 300w, https:\/\/bydufri.com.tr\/wp-content\/uploads\/2023\/03\/LU14364-1-768x508.jpg 768w, https:\/\/bydufri.com.tr\/wp-content\/uploads\/2023\/03\/LU14364-1-1536x1017.jpg 1536w, https:\/\/bydufri.com.tr\/wp-content\/uploads\/2023\/03\/LU14364-1-600x397.jpg 600w, https:\/\/bydufri.com.tr\/wp-content\/uploads\/2023\/03\/LU14364-1.jpg 1900w\" sizes=\"(max-width: 1024px) 100vw, 1024px\" \/>\t\t\t\t\t\t\t\t<\/a>\n\t\t\t\t\t\t\t\t\t\t\t\t\t\t\t<\/div>\n\t\t\t\t<\/div>\n\t\t\t\t\t<\/div>\n\t\t<\/div>\n\t\t\t\t<div class=\"elementor-column elementor-col-33 elementor-top-column elementor-element elementor-element-bd95643\" data-id=\"bd95643\" data-element_type=\"column\" data-e-type=\"column\">\n\t\t\t<div class=\"elementor-widget-wrap elementor-element-populated\">\n\t\t\t\t\t\t<div class=\"elementor-element elementor-element-d97837e elementor-align-justify elementor-widget elementor-widget-button\" data-id=\"d97837e\" data-element_type=\"widget\" data-e-type=\"widget\" data-widget_type=\"button.default\">\n\t\t\t\t<div class=\"elementor-widget-container\">\n\t\t\t\t\t\t\t\t\t<div class=\"elementor-button-wrapper\">\n\t\t\t\t\t<a class=\"elementor-button elementor-button-link elementor-size-sm elementor-animation-grow\" href=\"https:\/\/bydufri.com.tr\/index.php\/sube-acilisimiz\/\">\n\t\t\t\t\t\t<span class=\"elementor-button-content-wrapper\">\n\t\t\t\t\t\t\t\t\t<span class=\"elementor-button-text\">SHOWROOM 1 \u015eUBE A\u00c7ILI\u015eIMIZ<\/span>\n\t\t\t\t\t<\/span>\n\t\t\t\t\t<\/a>\n\t\t\t\t<\/div>\n\t\t\t\t\t\t\t\t<\/div>\n\t\t\t\t<\/div>\n\t\t\t\t<div class=\"elementor-element elementor-element-751fb06 elementor-widget elementor-widget-image\" data-id=\"751fb06\" data-element_type=\"widget\" data-e-type=\"widget\" data-widget_type=\"image.default\">\n\t\t\t\t<div class=\"elementor-widget-container\">\n\t\t\t\t\t\t\t\t\t\t\t\t\t\t\t\t<a href=\"https:\/\/bydufri.com.tr\/index.php\/sube-acilisimiz\/\">\n\t\t\t\t\t\t\t<img loading=\"lazy\" decoding=\"async\" width=\"1300\" height=\"1963\" src=\"https:\/\/bydufri.com.tr\/wp-content\/uploads\/2023\/03\/LU14420.jpg\" class=\"elementor-animation-grow attachment-large size-large wp-image-256\" alt=\"\" srcset=\"https:\/\/bydufri.com.tr\/wp-content\/uploads\/2023\/03\/LU14420.jpg 1300w, https:\/\/bydufri.com.tr\/wp-content\/uploads\/2023\/03\/LU14420-768x1160.jpg 768w, https:\/\/bydufri.com.tr\/wp-content\/uploads\/2023\/03\/LU14420-1017x1536.jpg 1017w, https:\/\/bydufri.com.tr\/wp-content\/uploads\/2023\/03\/LU14420-600x906.jpg 600w\" sizes=\"(max-width: 1300px) 100vw, 1300px\" \/>\t\t\t\t\t\t\t\t<\/a>\n\t\t\t\t\t\t\t\t\t\t\t\t\t\t\t<\/div>\n\t\t\t\t<\/div>\n\t\t\t\t\t<\/div>\n\t\t<\/div>\n\t\t\t\t\t<\/div>\n\t\t<\/section>\n\t\t\t\t<\/div>\n\t\t","protected":false},"excerpt":{"rendered":"<p>best ontario online casinos \u00d6nceki Sonraki \u00d6nceki Sonraki SHOWROOM 1 SHOWROOM 2 SHOWROOM 1 \u015eUBE A\u00c7ILI\u015eIMIZ %3201771870064953% Handball wetten %9891772097707486%%2651772355590663%&hellip;<\/p>\n","protected":false},"author":2,"featured_media":0,"parent":0,"menu_order":0,"comment_status":"closed","ping_status":"closed","template":"","meta":{"footnotes":""},"class_list":["post-21","page","type-page","status-publish","hentry"],"_links":{"self":[{"href":"https:\/\/bydufri.com.tr\/index.php\/wp-json\/wp\/v2\/pages\/21","targetHints":{"allow":["GET"]}}],"collection":[{"href":"https:\/\/bydufri.com.tr\/index.php\/wp-json\/wp\/v2\/pages"}],"about":[{"href":"https:\/\/bydufri.com.tr\/index.php\/wp-json\/wp\/v2\/types\/page"}],"author":[{"embeddable":true,"href":"https:\/\/bydufri.com.tr\/index.php\/wp-json\/wp\/v2\/users\/2"}],"replies":[{"embeddable":true,"href":"https:\/\/bydufri.com.tr\/index.php\/wp-json\/wp\/v2\/comments?post=21"}],"version-history":[{"count":95,"href":"https:\/\/bydufri.com.tr\/index.php\/wp-json\/wp\/v2\/pages\/21\/revisions"}],"predecessor-version":[{"id":16861,"href":"https:\/\/bydufri.com.tr\/index.php\/wp-json\/wp\/v2\/pages\/21\/revisions\/16861"}],"wp:attachment":[{"href":"https:\/\/bydufri.com.tr\/index.php\/wp-json\/wp\/v2\/media?parent=21"}],"curies":[{"name":"wp","href":"https:\/\/api.w.org\/{rel}","templated":true}]}}